{"id":486,"date":"2018-04-11T11:31:57","date_gmt":"2018-04-11T11:31:57","guid":{"rendered":"http:\/\/retotech.fundacionendesa.org\/multisite\/?page_id=486"},"modified":"2018-05-09T12:19:50","modified_gmt":"2018-05-09T12:19:50","slug":"colegio-san-jose-lucero","status":"publish","type":"page","link":"https:\/\/retotech.fundacionendesa.org\/multisite\/colegio-san-jose-lucero\/","title":{"rendered":"Colegio San Jos\u00e9-Lucero"},"content":{"rendered":"<h1><span style=\"color: #00b4e6;\">Colegio San Jos\u00e9-Lucero<\/span><\/h1>\n<p><iframe loading=\"lazy\" style=\"border: 0; overflow: hidden;\" src=\"https:\/\/www.youtube.com\/embed\/B4yQOlMN0Pc\" width=\"100%\" height=\"500\" frameborder=\"0\" scrolling=\"no\" allowfullscreen=\"allowfullscreen\"><\/iframe><\/p>\n<h3><span style=\"color: #00b4e6;\">\u00bfQui\u00e9nes somos?<\/span><\/h3>\n<p>Somos un colegio concertado y mixto del Barrio de Lucero- Distrito La Latina. Somos un colegio peque\u00f1o, \u00abL1\u00bb, lo cual nos acerca al alumnado y a sus familias.<\/p>\n<h3><span style=\"color: #00b4e6;\">\u00bfPor qu\u00e9 participamos?<\/span><\/h3>\n<p>Queremos mejorar el colegio, el reto nos incentiv\u00f3 a reacondicionar nuestros ordenadores, reinstalar sistemas operativos, comprar pantallas, ordenadores nuevos, routers, aprender de redes, de software libre (GNU\/Linux), inscribirnos a cursos de Bitbloq, Appinventor, Dise\u00f1o e Impresi\u00f3n 3D, MAX 9.0.<\/p>\n<h3><span style=\"color: #00b4e6;\">\u00bfC\u00f3mo estamos trabajando?<\/span><\/h3>\n<p>Estamos trabajando en forma cooperativa, desde 1 a 4 de la ESO. Hemos reciclado equipos viejos. Estamos probando un aula piloto en 4 de ESO con un ordenador para cada grupo de trabajo. Los alumnos y profesores han pintado las clases, instalado la red el\u00e9ctrica, la red wifi. Nuestra sala de inform\u00e1tica la hemos mejorado, estamos usando Raspberry Pi como ordenadores de bajo consumo. Nos equivocamos todos los d\u00edas, pero buscamos solucionar el problema. Ha sido agotador, pero muy enriquecedor.  El reto es, con pocos recursos econ\u00f3micos llegar a alcanzar la meta. Creemos que participar ha sido un triunfo, no somos conformistas y seguiremos adelante. Nuestro colegio ha cambiado para bien.<\/p>\n<h3><span style=\"color: #00b4e6;\">Nombre del proyecto<\/span><\/h3>\n<p><strong>Proyect Energy Plus<\/strong><\/p>\n<h3><span style=\"color: #00b4e6;\">Presentaci\u00f3n escrita del proyecto<\/span><\/h3>\n<p>Crear un sistema de lanzamiento de una pelota de ping pong,  utilizando una catapulta activada a control remoto para simular un lanzamiento de Basketball y su posterior estudio matem\u00e1tico.<\/p>\n<p>&nbsp;<br \/>\n<iframe loading=\"lazy\" style=\"border: 0; overflow: hidden;\" src=\"https:\/\/www.youtube.com\/embed\/N_WzGdiUrz0\" width=\"100%\" height=\"500\" frameborder=\"0\" scrolling=\"no\" allowfullscreen=\"allowfullscreen\"><\/iframe><\/p>\n<hr color=#D4D4D4>\n<h3><span style=\"color: #00b4e6;\">Vota este proyecto<\/span><\/h3>\n<p>\n\u00a1\u00a1<a href=\"https:\/\/pr.easypromosapp.com\/p\/826101\" target=\"_blank\">Vota tus proyectos favoritos<\/a>!!\n<\/p>\n<p>&nbsp;<\/p>\n<h3><span style=\"color: #00b4e6;\">Otra informaci\u00f3n<\/span><\/h3>\n<p>Colegio San Jos\u00e9-Lucero \u00abRetotech\u00bb:<\/p>\n<p><a href=\"https:\/\/csjl-retotech.blogspot.com.es\/\">https:\/\/csjl-retotech.blogspot.com.es\/<\/a><\/p>\n<p>El blog de Chito de tecnolog\u00eda Raspberry Pi, Arduino, impresi\u00f3n 3D, Linux<\/p>\n<p><a href=\"https:\/\/chitoraspberrypi.blogspot.com.es\/\">https:\/\/chitoraspberrypi.blogspot.com.es\/<\/a><\/p>\n<p>&nbsp;<\/p>\n<h4 class=\"center-details\"><span style=\"color: #00b4e6;\">Profesores participantes<\/span><\/h4>\n<ul>\n<li><strong>Profesores de TPR, TIC, Matem\u00e1ticas, Biolog\u00eda, Arte, Ingl\u00e9s, Ed. F\u00edsica, Lengua e Historia<\/strong><\/li>\n<\/ul>\n<h4 class=\"center-details\"><span style=\"color: #00b4e6;\">Enlace a la web del centro<\/span><\/h4>\n<p><a href=\"http:\/\/www.colegioeuropeodemadrid.com\">Colegio San Jos\u00e9-Lucero<\/a><\/p>\n","protected":false},"excerpt":{"rendered":"<p>Colegio San Jos\u00e9-Lucero \u00bfQui\u00e9nes somos? Somos un colegio concertado y mixto del Barrio de Lucero- Distrito La Latina. Somos un<\/p>\n","protected":false},"author":1611,"featured_media":0,"parent":0,"menu_order":0,"comment_status":"closed","ping_status":"closed","template":"template-fullwidth.php","meta":{"footnotes":""},"class_list":["post-486","page","type-page","status-publish","hentry"],"_links":{"self":[{"href":"https:\/\/retotech.fundacionendesa.org\/multisite\/wp-json\/wp\/v2\/pages\/486"}],"collection":[{"href":"https:\/\/retotech.fundacionendesa.org\/multisite\/wp-json\/wp\/v2\/pages"}],"about":[{"href":"https:\/\/retotech.fundacionendesa.org\/multisite\/wp-json\/wp\/v2\/types\/page"}],"author":[{"embeddable":true,"href":"https:\/\/retotech.fundacionendesa.org\/multisite\/wp-json\/wp\/v2\/users\/1611"}],"replies":[{"embeddable":true,"href":"https:\/\/retotech.fundacionendesa.org\/multisite\/wp-json\/wp\/v2\/comments?post=486"}],"version-history":[{"count":5,"href":"https:\/\/retotech.fundacionendesa.org\/multisite\/wp-json\/wp\/v2\/pages\/486\/revisions"}],"predecessor-version":[{"id":1468,"href":"https:\/\/retotech.fundacionendesa.org\/multisite\/wp-json\/wp\/v2\/pages\/486\/revisions\/1468"}],"wp:attachment":[{"href":"https:\/\/retotech.fundacionendesa.org\/multisite\/wp-json\/wp\/v2\/media?parent=486"}],"curies":[{"name":"wp","href":"https:\/\/api.w.org\/{rel}","templated":true}]}}